{"id":134,"date":"2020-02-20T12:52:01","date_gmt":"2020-02-20T11:52:01","guid":{"rendered":"http:\/\/wohlschlaeger.bayern\/?page_id=134"},"modified":"2021-10-07T13:47:12","modified_gmt":"2021-10-07T12:47:12","slug":"warum-sie-mich-waehlen-koennen","status":"publish","type":"page","link":"https:\/\/wohlschlaeger.bayern\/by\/warum-sie-mich-waehlen-koennen\/","title":{"rendered":"Warum du mi w\u00e4in konnst"},"content":{"rendered":"\n<p><\/p>\n\n\n\n<p class=\"has-drop-cap\">I gfrei mi wennst mi w\u00e4isd&#8230;<\/p>\n\n\n\n<p>\u2026 f\u00fcr a faires Mitanand bei Entscheidunga.<\/p>\n\n\n\n<p><br> \u2026 f\u00fcr a Sport und Eishalle mit verschiedenster Nutzung z.B. f\u00fcr Festl oder Ausstellungen.<br> <\/p>\n\n\n\n<p>\u2026 f\u00fcr Industrie, de ned blo\u00df auf sich schaut, sondern vorrangig auf lokale Arbeitspl\u00e4tz.<br><\/p>\n\n\n\n<p> \u2026 f\u00fcr an Verkehrsstrom mit Sinn, Zweck und am Verstand.<br> <\/p>\n\n\n\n<p>\u2026 f\u00fcr a &#8220;Radlfahrer-Hoizkirch&#8221;, des Audofahrer ned obh\u00e4ngt.<br> <\/p>\n\n\n\n<p>\u2026 gegen Verbote, no mehra Auflagen und B\u00fcrokratie in unsana Gmoar.<br> <\/p>\n\n\n\n<p>\u2026 f\u00fcr unsane zahlreichen Vereine und mehra Gemeinschaft im Markt.<br> <\/p>\n\n\n\n<p>\u2026 f\u00fcr an pers\u00f6nlichen Ansprechpartner, der eich Rede und Antwort st\u00e4d und \u00fcber olle Kontaktm\u00f6glichkeiten zum daglanga is.<\/p>\n\n\n\n<p><\/p>\n ","protected":false},"excerpt":{"rendered":"<p>I gfrei mi wennst mi w\u00e4isd&#8230; \u2026 f\u00fcr a faires Mitanand bei Entscheidunga. \u2026 f\u00fcr a Sport und Eishalle mit verschiedenster Nutzung z.B. f\u00fcr Festl oder Ausstellungen. \u2026 f\u00fcr Industrie, de ned blo\u00df auf sich schaut, sondern vorrangig auf lokale Arbeitspl\u00e4tz. \u2026 f\u00fcr an Verkehrsstrom mit Sinn, Zweck und am Verstand. \u2026 f\u00fcr a &#8220;Radlfahrer-Hoizkirch&#8221;, &hellip; <\/p>\n<p class=\"link-more\"><a href=\"https:\/\/wohlschlaeger.bayern\/by\/warum-sie-mich-waehlen-koennen\/\" class=\"more-link\">Continue reading<span class=\"screen-reader-text\"> &#8220;Warum du mi w\u00e4in konnst&#8221;<\/span><\/a><\/p>\n","protected":false},"author":1,"featured_media":0,"parent":0,"menu_order":0,"comment_status":"closed","ping_status":"closed","template":"","meta":{"ngg_post_thumbnail":0,"footnotes":""},"class_list":["post-134","page","type-page","status-publish","hentry"],"translation":{"provider":"WPGlobus","version":"3.0.2","language":"by","enabled_languages":["de","by"],"languages":{"de":{"title":true,"content":true,"excerpt":false},"by":{"title":true,"content":true,"excerpt":false}}},"_links":{"self":[{"href":"https:\/\/wohlschlaeger.bayern\/by\/wp-json\/wp\/v2\/pages\/134","targetHints":{"allow":["GET"]}}],"collection":[{"href":"https:\/\/wohlschlaeger.bayern\/by\/wp-json\/wp\/v2\/pages"}],"about":[{"href":"https:\/\/wohlschlaeger.bayern\/by\/wp-json\/wp\/v2\/types\/page"}],"author":[{"embeddable":true,"href":"https:\/\/wohlschlaeger.bayern\/by\/wp-json\/wp\/v2\/users\/1"}],"replies":[{"embeddable":true,"href":"https:\/\/wohlschlaeger.bayern\/by\/wp-json\/wp\/v2\/comments?post=134"}],"version-history":[{"count":14,"href":"https:\/\/wohlschlaeger.bayern\/by\/wp-json\/wp\/v2\/pages\/134\/revisions"}],"predecessor-version":[{"id":171,"href":"https:\/\/wohlschlaeger.bayern\/by\/wp-json\/wp\/v2\/pages\/134\/revisions\/171"}],"wp:attachment":[{"href":"https:\/\/wohlschlaeger.bayern\/by\/wp-json\/wp\/v2\/media?parent=134"}],"curies":[{"name":"wp","href":"https:\/\/api.w.org\/{rel}","templated":true}]}}