{"id":16,"date":"2019-11-18T12:05:56","date_gmt":"2019-11-18T12:05:56","guid":{"rendered":"http:\/\/wohlschlaeger.bayern\/?page_id=16"},"modified":"2026-02-06T22:06:25","modified_gmt":"2026-02-06T21:06:25","slug":"michael-wohlschlaeger","status":"publish","type":"page","link":"http:\/\/wohlschlaeger.bayern\/by\/","title":{"rendered":"Startseitn"},"content":{"rendered":"\n<p>&#8220;<strong>Sachlich und konstruktiv, zammad ans Ziel<\/strong>&#8220;<\/p>\n\n\n\n<p>Grias eich mitnand,<br>Ihr soids \u00fcber de gloane Seitn de M\u00f6glichkeit griang a bissl wos \u00fcber mi zum dafrogn und eich a Buidl zum macha, wer i so bin. I w\u00fcnsch eich vui Spa\u00df beim durchschaun und gfrei mi auf eire R\u00fcckmeldungen. <\/p>\n\n\n\n<p><strong>Olle Infos gibts in meim Werbe-Bladl:<\/strong> <em>(Bittschen unten rechts erst amoi auf Vollbild klicken und nachad unten links, um a de Innenseitn o zum schaugn)<\/em><\/p>\n\n\n\n<iframe src=\"http:\/\/read.screenpaper.io\/?fad3d=8f435c3ea1f9833360&#038;embedded=true\" frameBorder=\"0\" scrolling=\"no\" allowFullScreen style=\"height: 100%; width: 100%;\"><\/iframe>\n\n\n\n<p>Am &#8220;Wischkastl&#8221;\/Handy konnst as da <a href=\"https:\/\/read.screenpaper.io\/?fad3d=8f435c3ea1f9833360\">DO OSCHAUGN<\/a><\/p>\n\n\n\n<p class=\"has-drop-cap\">Gern kennts ihr mi jederzeit auf ollen m\u00f6glichen Kan\u00e4len kontaktieren, ihr kennts wos ausmacha mit mia und na kemma uns a gern amoi zamhogga. Weil am End is da pers\u00f6nliche Draht ja meistens no da Beste.<\/p>\n\n\n\n<p>Eicha Wohlschl\u00e4ger Michi<\/p>\n\n\n<p><!--EndFragment--><\/p> ","protected":false},"excerpt":{"rendered":"<p>&#8220;Sachlich und konstruktiv, zammad ans Ziel&#8220; Grias eich mitnand,Ihr soids \u00fcber de gloane Seitn de M\u00f6glichkeit griang a bissl wos \u00fcber mi zum dafrogn und eich a Buidl zum macha, wer i so bin. I w\u00fcnsch eich vui Spa\u00df beim durchschaun und gfrei mi auf eire R\u00fcckmeldungen. Olle Infos gibts in meim Werbe-Bladl: (Bittschen unten &hellip; <\/p>\n<p class=\"link-more\"><a href=\"http:\/\/wohlschlaeger.bayern\/by\/\" class=\"more-link\">Continue reading<span class=\"screen-reader-text\"> &#8220;Startseitn&#8221;<\/span><\/a><\/p>\n","protected":false},"author":1,"featured_media":0,"parent":0,"menu_order":0,"comment_status":"closed","ping_status":"closed","template":"","meta":{"ngg_post_thumbnail":0,"footnotes":""},"class_list":["post-16","page","type-page","status-publish","hentry"],"translation":{"provider":"WPGlobus","version":"3.0.2","language":"by","enabled_languages":["de","by"],"languages":{"de":{"title":true,"content":true,"excerpt":false},"by":{"title":true,"content":true,"excerpt":false}}},"_links":{"self":[{"href":"http:\/\/wohlschlaeger.bayern\/by\/wp-json\/wp\/v2\/pages\/16","targetHints":{"allow":["GET"]}}],"collection":[{"href":"http:\/\/wohlschlaeger.bayern\/by\/wp-json\/wp\/v2\/pages"}],"about":[{"href":"http:\/\/wohlschlaeger.bayern\/by\/wp-json\/wp\/v2\/types\/page"}],"author":[{"embeddable":true,"href":"http:\/\/wohlschlaeger.bayern\/by\/wp-json\/wp\/v2\/users\/1"}],"replies":[{"embeddable":true,"href":"http:\/\/wohlschlaeger.bayern\/by\/wp-json\/wp\/v2\/comments?post=16"}],"version-history":[{"count":44,"href":"http:\/\/wohlschlaeger.bayern\/by\/wp-json\/wp\/v2\/pages\/16\/revisions"}],"predecessor-version":[{"id":188,"href":"http:\/\/wohlschlaeger.bayern\/by\/wp-json\/wp\/v2\/pages\/16\/revisions\/188"}],"wp:attachment":[{"href":"http:\/\/wohlschlaeger.bayern\/by\/wp-json\/wp\/v2\/media?parent=16"}],"curies":[{"name":"wp","href":"https:\/\/api.w.org\/{rel}","templated":true}]}}