{"id":149,"date":"2020-02-20T15:47:57","date_gmt":"2020-02-20T14:47:57","guid":{"rendered":"http:\/\/wohlschlaeger.bayern\/?page_id=149"},"modified":"2020-02-20T15:47:57","modified_gmt":"2020-02-20T14:47:57","slug":"impressum","status":"publish","type":"page","link":"http:\/\/wohlschlaeger.bayern\/by\/impressum\/","title":{"rendered":"Impressum:"},"content":{"rendered":"\n<p>Verantwortlich f\u00fcr den Inhalt der Seite:<br><br>Michael Wohlschl\u00e4ger<br>Me\u00dfnerstra\u00dfl 1<br>83607 Holzkirchen<br>mobil: 0163\/4188413 <\/p>\n ","protected":false},"excerpt":{"rendered":"<p>Verantwortlich f\u00fcr den Inhalt der Seite: Michael Wohlschl\u00e4gerMe\u00dfnerstra\u00dfl 183607 Holzkirchenmobil: 0163\/4188413<\/p>\n","protected":false},"author":1,"featured_media":0,"parent":0,"menu_order":0,"comment_status":"closed","ping_status":"closed","template":"","meta":{"ngg_post_thumbnail":0,"footnotes":""},"class_list":["post-149","page","type-page","status-publish","hentry"],"translation":{"provider":"WPGlobus","version":"3.0.2","language":"by","enabled_languages":["de","by"],"languages":{"de":{"title":true,"content":true,"excerpt":false},"by":{"title":false,"content":false,"excerpt":false}}},"_links":{"self":[{"href":"http:\/\/wohlschlaeger.bayern\/by\/wp-json\/wp\/v2\/pages\/149","targetHints":{"allow":["GET"]}}],"collection":[{"href":"http:\/\/wohlschlaeger.bayern\/by\/wp-json\/wp\/v2\/pages"}],"about":[{"href":"http:\/\/wohlschlaeger.bayern\/by\/wp-json\/wp\/v2\/types\/page"}],"author":[{"embeddable":true,"href":"http:\/\/wohlschlaeger.bayern\/by\/wp-json\/wp\/v2\/users\/1"}],"replies":[{"embeddable":true,"href":"http:\/\/wohlschlaeger.bayern\/by\/wp-json\/wp\/v2\/comments?post=149"}],"version-history":[{"count":1,"href":"http:\/\/wohlschlaeger.bayern\/by\/wp-json\/wp\/v2\/pages\/149\/revisions"}],"predecessor-version":[{"id":150,"href":"http:\/\/wohlschlaeger.bayern\/by\/wp-json\/wp\/v2\/pages\/149\/revisions\/150"}],"wp:attachment":[{"href":"http:\/\/wohlschlaeger.bayern\/by\/wp-json\/wp\/v2\/media?parent=149"}],"curies":[{"name":"wp","href":"https:\/\/api.w.org\/{rel}","templated":true}]}}